
{"id":7,"date":"2020-02-01T22:29:40","date_gmt":"2020-02-01T22:29:40","guid":{"rendered":"http:\/\/www.vanderheyden.be\/wordpress\/?page_id=7"},"modified":"2024-10-13T11:21:58","modified_gmt":"2024-10-13T11:21:58","slug":"home","status":"publish","type":"page","link":"https:\/\/www.vanderheyden.be\/wordpress\/","title":{"rendered":"Home"},"content":{"rendered":"<p>Bienvenue sur ce site qui contient quelques histoires amusantes, interpellantes et parfois moins marrantes &#8230;<\/p>\n<p>Des histoires d\u00e9crivant des <span data-dobid=\"hdw\">attrape-nigauds, des situations qui si on avait voulu les concevoir dans l&rsquo;objectif de tirer profit de la situation n&rsquo;aurait pas pu \u00eatre mieux pens\u00e9es qu&rsquo;elles ne le sont dans la r\u00e9alit\u00e9.\u00a0 <br \/><\/span><\/p>\n<p>Pas de jugement sur ce site, pas de plan machiav\u00e9lique,\u00a0 juste des faits et des chroniques.<\/p>\n\n\n<p><\/p>\n","protected":false},"excerpt":{"rendered":"<p>Bienvenue sur ce site qui contient quelques histoires amusantes, interpellantes et parfois moins marrantes &#8230; Des histoires d\u00e9crivant des attrape-nigauds, des situations qui si on avait voulu les concevoir dans l&rsquo;objectif de tirer profit de la situation n&rsquo;aurait pas pu \u00eatre mieux pens\u00e9es qu&rsquo;elles ne le sont dans la r\u00e9alit\u00e9.\u00a0 Pas de jugement sur ce<a class=\"more-link\" href=\"https:\/\/www.vanderheyden.be\/wordpress\/\">Read more<\/a><\/p>\n","protected":false},"author":1,"featured_media":0,"parent":0,"menu_order":0,"comment_status":"closed","ping_status":"closed","template":"","meta":[],"_links":{"self":[{"href":"https:\/\/www.vanderheyden.be\/wordpress\/index.php\/wp-json\/wp\/v2\/pages\/7"}],"collection":[{"href":"https:\/\/www.vanderheyden.be\/wordpress\/index.php\/wp-json\/wp\/v2\/pages"}],"about":[{"href":"https:\/\/www.vanderheyden.be\/wordpress\/index.php\/wp-json\/wp\/v2\/types\/page"}],"author":[{"embeddable":true,"href":"https:\/\/www.vanderheyden.be\/wordpress\/index.php\/wp-json\/wp\/v2\/users\/1"}],"replies":[{"embeddable":true,"href":"https:\/\/www.vanderheyden.be\/wordpress\/index.php\/wp-json\/wp\/v2\/comments?post=7"}],"version-history":[{"count":7,"href":"https:\/\/www.vanderheyden.be\/wordpress\/index.php\/wp-json\/wp\/v2\/pages\/7\/revisions"}],"predecessor-version":[{"id":86,"href":"https:\/\/www.vanderheyden.be\/wordpress\/index.php\/wp-json\/wp\/v2\/pages\/7\/revisions\/86"}],"wp:attachment":[{"href":"https:\/\/www.vanderheyden.be\/wordpress\/index.php\/wp-json\/wp\/v2\/media?parent=7"}],"curies":[{"name":"wp","href":"https:\/\/api.w.org\/{rel}","templated":true}]}}